{"id":6,"date":"2021-09-21T14:55:36","date_gmt":"2021-09-21T14:55:36","guid":{"rendered":"http:\/\/localhost\/prana\/hippy\/public-wp\/?page_id=6"},"modified":"2021-12-23T19:08:28","modified_gmt":"2021-12-23T19:08:28","slug":"inicio","status":"publish","type":"page","link":"https:\/\/hippy.org.py\/testimonios\/","title":{"rendered":"Inicio"},"content":{"rendered":"<div id=\"pl-6\"  class=\"panel-layout\" ><div id=\"pg-6-0\"  class=\"panel-grid panel-no-style\" ><div id=\"pgc-6-0-0\"  class=\"panel-grid-cell\" ><div id=\"panel-6-0-0-0\" class=\"so-panel widget widget_siteorigin-panels-postloop panel-first-child panel-last-child\" data-index=\"0\" ><h3 class=\"widget-title\">Conoce los testimonios de Hippy<\/h3>\n\t<div id=\"vantage-grid-loop\" class=\"vantage-grid-loop grid-loop-columns-4\">\n\t\t\t\t\t<article class=\"grid-post post-161 post type-post status-publish format-video has-post-thumbnail hentry category-testimonios post_format-post-format-video post-with-thumbnail post-with-thumbnail-large\">\n\n\t\t\t\t\t\t\t\t\t<a class=\"grid-thumbnail\" href=\"https:\/\/hippy.org.py\/testimonios\/index.php\/2021\/12\/23\/trabajando-la-motricidad-gruesa-con-una-sencilla-actividad\/\">\n\t\t\t\t\t\t<img loading=\"lazy\" decoding=\"async\" width=\"436\" height=\"272\" src=\"https:\/\/hippy.org.py\/testimonios\/wp-content\/uploads\/2021\/12\/bolsa-436x272.jpg\" class=\"attachment-vantage-grid-loop size-vantage-grid-loop wp-post-image\" alt=\"\" \/>\t\t\t\t\t<\/a>\n\t\t\t\t\n\t\t\t\t<h3><a href=\"https:\/\/hippy.org.py\/testimonios\/index.php\/2021\/12\/23\/trabajando-la-motricidad-gruesa-con-una-sencilla-actividad\/\">Trabajando la motricidad gruesa con una sencilla actividad<\/a><\/h3>\n\t\t\t\t<div class=\"excerpt\"><p>Trabajar la motricidad gruesa es vital para el desarrollo, prob\u00e1 est\u00e1 sencilla actividad y segu\u00ed potenciando lo mejor de tus ni\u00f1os.<\/p>\n<\/div>\n\t\t\t\t\t\t\t\t\t\t\t<\/article>\n\t\t\t\t\t\t\t\t<article class=\"grid-post post-157 post type-post status-publish format-video has-post-thumbnail hentry category-testimonios post_format-post-format-video post-with-thumbnail post-with-thumbnail-large\">\n\n\t\t\t\t\t\t\t\t\t<a class=\"grid-thumbnail\" href=\"https:\/\/hippy.org.py\/testimonios\/index.php\/2021\/12\/23\/un-estetoscopio-hecho-en-casa-actividad-facil-para-ninos\/\">\n\t\t\t\t\t\t<img loading=\"lazy\" decoding=\"async\" width=\"436\" height=\"272\" src=\"https:\/\/hippy.org.py\/testimonios\/wp-content\/uploads\/2021\/12\/estet-436x272.jpg\" class=\"attachment-vantage-grid-loop size-vantage-grid-loop wp-post-image\" alt=\"\" \/>\t\t\t\t\t<\/a>\n\t\t\t\t\n\t\t\t\t<h3><a href=\"https:\/\/hippy.org.py\/testimonios\/index.php\/2021\/12\/23\/un-estetoscopio-hecho-en-casa-actividad-facil-para-ninos\/\">Un estetoscopio hecho en casa &#8211; actividad f\u00e1cil para ni\u00f1os<\/a><\/h3>\n\t\t\t\t<div class=\"excerpt\"><p>Descubrimos c\u00f3mo funciona nuestro coraz\u00f3n y escuchamos los latidos con un tubo de cart\u00f3n. \u00a1Probalo en casa con los chicos!<\/p>\n<\/div>\n\t\t\t\t\t\t\t\t\t\t\t<\/article>\n\t\t\t\t\t\t\t\t<article class=\"grid-post post-153 post type-post status-publish format-video has-post-thumbnail hentry category-testimonios post_format-post-format-video post-with-thumbnail post-with-thumbnail-large\">\n\n\t\t\t\t\t\t\t\t\t<a class=\"grid-thumbnail\" href=\"https:\/\/hippy.org.py\/testimonios\/index.php\/2021\/12\/23\/cientificos-en-casa-experimento-del-huevo-flotante-para-ninos\/\">\n\t\t\t\t\t\t<img loading=\"lazy\" decoding=\"async\" width=\"436\" height=\"272\" src=\"https:\/\/hippy.org.py\/testimonios\/wp-content\/uploads\/2021\/12\/experimento-436x272.jpg\" class=\"attachment-vantage-grid-loop size-vantage-grid-loop wp-post-image\" alt=\"\" \/>\t\t\t\t\t<\/a>\n\t\t\t\t\n\t\t\t\t<h3><a href=\"https:\/\/hippy.org.py\/testimonios\/index.php\/2021\/12\/23\/cientificos-en-casa-experimento-del-huevo-flotante-para-ninos\/\">Cient\u00edficos en casa &#8211; Experimento del huevo flotante para ni\u00f1os<\/a><\/h3>\n\t\t\t\t<div class=\"excerpt\"><p>\u00a1Un experimento que asombra! Tomate unos minutos para aprender y descubrir algo nuevo con los m\u00e1s peques de la casa.<\/p>\n<\/div>\n\t\t\t\t\t\t\t\t\t\t\t<\/article>\n\t\t\t\t\t\t\t\t<article class=\"grid-post post-149 post type-post status-publish format-video has-post-thumbnail hentry category-testimonios post_format-post-format-video post-with-thumbnail post-with-thumbnail-large\">\n\n\t\t\t\t\t\t\t\t\t<a class=\"grid-thumbnail\" href=\"https:\/\/hippy.org.py\/testimonios\/index.php\/2021\/12\/23\/baile-con-bufandas-actividad-de-motricidad-gruesa-para-ninos\/\">\n\t\t\t\t\t\t<img loading=\"lazy\" decoding=\"async\" width=\"436\" height=\"272\" src=\"https:\/\/hippy.org.py\/testimonios\/wp-content\/uploads\/2021\/12\/baile-436x272.jpg\" class=\"attachment-vantage-grid-loop size-vantage-grid-loop wp-post-image\" alt=\"\" \/>\t\t\t\t\t<\/a>\n\t\t\t\t\n\t\t\t\t<h3><a href=\"https:\/\/hippy.org.py\/testimonios\/index.php\/2021\/12\/23\/baile-con-bufandas-actividad-de-motricidad-gruesa-para-ninos\/\">Baile con bufandas &#8211; Actividad de motricidad gruesa para ni\u00f1os<\/a><\/h3>\n\t\t\t\t<div class=\"excerpt\"><p>Descripci\u00f3n: Una actividad \u00fanica para compartir con los chicos y trabajar la motricidad gruesa.<\/p>\n<\/div>\n\t\t\t\t\t\t\t\t\t\t\t<\/article>\n\t\t\t<div class=\"clear\"><\/div>\t\t\t\t\t<article class=\"grid-post post-145 post type-post status-publish format-video has-post-thumbnail hentry category-testimonios post_format-post-format-video post-with-thumbnail post-with-thumbnail-large\">\n\n\t\t\t\t\t\t\t\t\t<a class=\"grid-thumbnail\" href=\"https:\/\/hippy.org.py\/testimonios\/index.php\/2021\/12\/23\/el-acompanamiento-de-hippy-testimonio-de-mireya\/\">\n\t\t\t\t\t\t<img loading=\"lazy\" decoding=\"async\" width=\"436\" height=\"272\" src=\"https:\/\/hippy.org.py\/testimonios\/wp-content\/uploads\/2021\/12\/mireya-436x272.jpg\" class=\"attachment-vantage-grid-loop size-vantage-grid-loop wp-post-image\" alt=\"\" \/>\t\t\t\t\t<\/a>\n\t\t\t\t\n\t\t\t\t<h3><a href=\"https:\/\/hippy.org.py\/testimonios\/index.php\/2021\/12\/23\/el-acompanamiento-de-hippy-testimonio-de-mireya\/\">El acompa\u00f1amiento de Hippy, testimonio de Mireya<\/a><\/h3>\n\t\t\t\t<div class=\"excerpt\"><p>\u201cComo mam\u00e1 s\u00f3lo tengo palabras de agradecimiento para el programa HIPPY y para todos sus colaboradores\u201d, nos cuenta Mireya durante el acompa\u00f1amiento de su peque\u00f1o Augusto.<\/p>\n<\/div>\n\t\t\t\t\t\t\t\t\t\t\t<\/article>\n\t\t\t\t\t\t\t\t<article class=\"grid-post post-141 post type-post status-publish format-video has-post-thumbnail hentry category-testimonios post_format-post-format-video post-with-thumbnail post-with-thumbnail-large\">\n\n\t\t\t\t\t\t\t\t\t<a class=\"grid-thumbnail\" href=\"https:\/\/hippy.org.py\/testimonios\/index.php\/2021\/12\/23\/hippy-nuestro-desafio\/\">\n\t\t\t\t\t\t<img loading=\"lazy\" decoding=\"async\" width=\"436\" height=\"272\" src=\"https:\/\/hippy.org.py\/testimonios\/wp-content\/uploads\/2021\/12\/desafio-436x272.jpg\" class=\"attachment-vantage-grid-loop size-vantage-grid-loop wp-post-image\" alt=\"\" \/>\t\t\t\t\t<\/a>\n\t\t\t\t\n\t\t\t\t<h3><a href=\"https:\/\/hippy.org.py\/testimonios\/index.php\/2021\/12\/23\/hippy-nuestro-desafio\/\">Hippy: Nuestro desaf\u00edo<\/a><\/h3>\n\t\t\t\t<div class=\"excerpt\"><p>Con nuestro programa, buscamos llegar a cada vez m\u00e1s familias paraguayas, para potenciar el desarrollo de nuestros ni\u00f1os y empoderar a los padres de familia con la ayuda de las tutoras y coordinadoras.<\/p>\n<\/div>\n\t\t\t\t\t\t\t\t\t\t\t<\/article>\n\t\t\t\t\t\t\t\t<article class=\"grid-post post-136 post type-post status-publish format-video has-post-thumbnail hentry category-testimonios post_format-post-format-video post-with-thumbnail post-with-thumbnail-large\">\n\n\t\t\t\t\t\t\t\t\t<a class=\"grid-thumbnail\" href=\"https:\/\/hippy.org.py\/testimonios\/index.php\/2021\/12\/23\/cancion-infantil-bailamos-y-jugamos-al-ritmo-de-los-animales\/\">\n\t\t\t\t\t\t<img loading=\"lazy\" decoding=\"async\" width=\"436\" height=\"272\" src=\"https:\/\/hippy.org.py\/testimonios\/wp-content\/uploads\/2021\/12\/cancion-436x272.jpg\" class=\"attachment-vantage-grid-loop size-vantage-grid-loop wp-post-image\" alt=\"\" \/>\t\t\t\t\t<\/a>\n\t\t\t\t\n\t\t\t\t<h3><a href=\"https:\/\/hippy.org.py\/testimonios\/index.php\/2021\/12\/23\/cancion-infantil-bailamos-y-jugamos-al-ritmo-de-los-animales\/\">Canci\u00f3n infantil: Bailamos y jugamos al ritmo de los animales<\/a><\/h3>\n\t\t\t\t<div class=\"excerpt\"><p>Bailamos y jugamos con Mariel Von Nowak para descubrir movimientos y rimas con las palabras.<\/p>\n<\/div>\n\t\t\t\t\t\t\t\t\t\t\t<\/article>\n\t\t\t\t\t\t\t\t<article class=\"grid-post post-132 post type-post status-publish format-video has-post-thumbnail hentry category-testimonios post_format-post-format-video post-with-thumbnail post-with-thumbnail-large\">\n\n\t\t\t\t\t\t\t\t\t<a class=\"grid-thumbnail\" href=\"https:\/\/hippy.org.py\/testimonios\/index.php\/2021\/12\/23\/hippy-y-los-primeros-aprendizajes-testimonio-de-marcos\/\">\n\t\t\t\t\t\t<img loading=\"lazy\" decoding=\"async\" width=\"436\" height=\"272\" src=\"https:\/\/hippy.org.py\/testimonios\/wp-content\/uploads\/2021\/12\/marcos-436x272.jpg\" class=\"attachment-vantage-grid-loop size-vantage-grid-loop wp-post-image\" alt=\"\" \/>\t\t\t\t\t<\/a>\n\t\t\t\t\n\t\t\t\t<h3><a href=\"https:\/\/hippy.org.py\/testimonios\/index.php\/2021\/12\/23\/hippy-y-los-primeros-aprendizajes-testimonio-de-marcos\/\">Hippy y los primeros aprendizajes, testimonio de Marcos<\/a><\/h3>\n\t\t\t\t<div class=\"excerpt\"><p>Marcos nos cuenta la experiencia de aprendizaje de su hija Araceli \u201cGracias al programa HIPPY voy compartiendo muchos momentos con mi hija, nos muestra c\u00f3mo dar las primeras ense\u00f1anzas con amor.\u201d<\/p>\n<\/div>\n\t\t\t\t\t\t\t\t\t\t\t<\/article>\n\t\t\t<div class=\"clear\"><\/div>\t\t\t\t\t<article class=\"grid-post post-128 post type-post status-publish format-video has-post-thumbnail hentry category-testimonios post_format-post-format-video post-with-thumbnail post-with-thumbnail-large\">\n\n\t\t\t\t\t\t\t\t\t<a class=\"grid-thumbnail\" href=\"https:\/\/hippy.org.py\/testimonios\/index.php\/2021\/12\/23\/la-motivacion-gracias-a-hippy-testimonio-de-graciela-tutora-de-hippy\/\">\n\t\t\t\t\t\t<img loading=\"lazy\" decoding=\"async\" width=\"436\" height=\"272\" src=\"https:\/\/hippy.org.py\/testimonios\/wp-content\/uploads\/2021\/12\/graciela-436x272.jpg\" class=\"attachment-vantage-grid-loop size-vantage-grid-loop wp-post-image\" alt=\"\" \/>\t\t\t\t\t<\/a>\n\t\t\t\t\n\t\t\t\t<h3><a href=\"https:\/\/hippy.org.py\/testimonios\/index.php\/2021\/12\/23\/la-motivacion-gracias-a-hippy-testimonio-de-graciela-tutora-de-hippy\/\">La motivaci\u00f3n gracias a Hippy, testimonio de Graciela, Tutora de Hippy<\/a><\/h3>\n\t\t\t\t<div class=\"excerpt\"><p>\u201cMe motiva aprender d\u00eda a d\u00eda muchas cosas nuevas y ponerlas en pr\u00e1ctica con las mamis.\u201d<\/p>\n<\/div>\n\t\t\t\t\t\t\t\t\t\t\t<\/article>\n\t\t\t\t\t\t\t\t<article class=\"grid-post post-124 post type-post status-publish format-video has-post-thumbnail hentry category-testimonios post_format-post-format-video post-with-thumbnail post-with-thumbnail-large\">\n\n\t\t\t\t\t\t\t\t\t<a class=\"grid-thumbnail\" href=\"https:\/\/hippy.org.py\/testimonios\/index.php\/2021\/12\/23\/cuento-infantil-la-historia-del-gato-garabato\/\">\n\t\t\t\t\t\t<img loading=\"lazy\" decoding=\"async\" width=\"436\" height=\"272\" src=\"https:\/\/hippy.org.py\/testimonios\/wp-content\/uploads\/2021\/12\/gato-436x272.jpg\" class=\"attachment-vantage-grid-loop size-vantage-grid-loop wp-post-image\" alt=\"\" \/>\t\t\t\t\t<\/a>\n\t\t\t\t\n\t\t\t\t<h3><a href=\"https:\/\/hippy.org.py\/testimonios\/index.php\/2021\/12\/23\/cuento-infantil-la-historia-del-gato-garabato\/\">Cuento infantil: La historia del gato Garabato<\/a><\/h3>\n\t\t\t\t<div class=\"excerpt\"><p>Mariel Von Nowak nos cuenta esta hermosa historia llena de aprendizajes y magia en el marco del especial por el d\u00eda del ni\u00f1o<\/p>\n<\/div>\n\t\t\t\t\t\t\t\t\t\t\t<\/article>\n\t\t\t\t\t\t\t\t<article class=\"grid-post post-119 post type-post status-publish format-video has-post-thumbnail hentry category-testimonios post_format-post-format-video post-with-thumbnail post-with-thumbnail-large\">\n\n\t\t\t\t\t\t\t\t\t<a class=\"grid-thumbnail\" href=\"https:\/\/hippy.org.py\/testimonios\/index.php\/2021\/12\/23\/aprender-con-los-sentidos-actividad-para-hacer-en-casa-con-los-chicos\/\">\n\t\t\t\t\t\t<img loading=\"lazy\" decoding=\"async\" width=\"436\" height=\"272\" src=\"https:\/\/hippy.org.py\/testimonios\/wp-content\/uploads\/2021\/12\/aprender-436x272.jpg\" class=\"attachment-vantage-grid-loop size-vantage-grid-loop wp-post-image\" alt=\"\" \/>\t\t\t\t\t<\/a>\n\t\t\t\t\n\t\t\t\t<h3><a href=\"https:\/\/hippy.org.py\/testimonios\/index.php\/2021\/12\/23\/aprender-con-los-sentidos-actividad-para-hacer-en-casa-con-los-chicos\/\">Aprender con los sentidos &#8211; Actividad para hacer en casa con los chicos<\/a><\/h3>\n\t\t\t\t<div class=\"excerpt\"><p>Te mostramos c\u00f3mo descubrir la densidad de los objetos a trav\u00e9s del tacto, esta experiencia est\u00e1 cargada de aprendizajes y nuevos vocabularios para los chicos.<\/p>\n<\/div>\n\t\t\t\t\t\t\t\t\t\t\t<\/article>\n\t\t\t\t\t\t\t\t<article class=\"grid-post post-113 post type-post status-publish format-video has-post-thumbnail hentry category-testimonios post_format-post-format-video post-with-thumbnail post-with-thumbnail-large\">\n\n\t\t\t\t\t\t\t\t\t<a class=\"grid-thumbnail\" href=\"https:\/\/hippy.org.py\/testimonios\/index.php\/2021\/12\/23\/manitos-coloridas-actividad-para-hacer-en-casa-con-los-chicos\/\">\n\t\t\t\t\t\t<img loading=\"lazy\" decoding=\"async\" width=\"436\" height=\"272\" src=\"https:\/\/hippy.org.py\/testimonios\/wp-content\/uploads\/2021\/12\/manitos-436x272.jpg\" class=\"attachment-vantage-grid-loop size-vantage-grid-loop wp-post-image\" alt=\"\" \/>\t\t\t\t\t<\/a>\n\t\t\t\t\n\t\t\t\t<h3><a href=\"https:\/\/hippy.org.py\/testimonios\/index.php\/2021\/12\/23\/manitos-coloridas-actividad-para-hacer-en-casa-con-los-chicos\/\">Manitos coloridas &#8211; Actividad para hacer en casa con los chicos<\/a><\/h3>\n\t\t\t\t<div class=\"excerpt\"><p>Esta actividad es ideal para realizarla en familia, compartir y fortalecer los v\u00ednculos a trav\u00e9s de manos dibujadas.<\/p>\n<\/div>\n\t\t\t\t\t\t\t\t\t\t\t<\/article>\n\t\t\t<div class=\"clear\"><\/div>\t\t\t\t\t<article class=\"grid-post post-109 post type-post status-publish format-video has-post-thumbnail hentry category-testimonios post_format-post-format-video post-with-thumbnail post-with-thumbnail-large\">\n\n\t\t\t\t\t\t\t\t\t<a class=\"grid-thumbnail\" href=\"https:\/\/hippy.org.py\/testimonios\/index.php\/2021\/12\/23\/patrones-divertidos-actividad-para-hacer-en-casa-con-los-chicos\/\">\n\t\t\t\t\t\t<img loading=\"lazy\" decoding=\"async\" width=\"436\" height=\"272\" src=\"https:\/\/hippy.org.py\/testimonios\/wp-content\/uploads\/2021\/12\/patrones-436x272.jpg\" class=\"attachment-vantage-grid-loop size-vantage-grid-loop wp-post-image\" alt=\"\" \/>\t\t\t\t\t<\/a>\n\t\t\t\t\n\t\t\t\t<h3><a href=\"https:\/\/hippy.org.py\/testimonios\/index.php\/2021\/12\/23\/patrones-divertidos-actividad-para-hacer-en-casa-con-los-chicos\/\">Patrones divertidos &#8211; Actividad para hacer en casa con los chicos<\/a><\/h3>\n\t\t\t\t<div class=\"excerpt\"><p>Descubrir series y patrones es super divertido y bueno para ejercitar el cerebro de los peques \u00a1busc\u00e1 objetos coloridos en el hogar y manos a la obra!<\/p>\n<\/div>\n\t\t\t\t\t\t\t\t\t\t\t<\/article>\n\t\t\t\t\t\t\t\t<article class=\"grid-post post-105 post type-post status-publish format-video has-post-thumbnail hentry category-testimonios post_format-post-format-video post-with-thumbnail post-with-thumbnail-large\">\n\n\t\t\t\t\t\t\t\t\t<a class=\"grid-thumbnail\" href=\"https:\/\/hippy.org.py\/testimonios\/index.php\/2021\/12\/23\/lupa-de-agua-actividad-para-hacer-en-casa-con-los-chicos\/\">\n\t\t\t\t\t\t<img loading=\"lazy\" decoding=\"async\" width=\"436\" height=\"272\" src=\"https:\/\/hippy.org.py\/testimonios\/wp-content\/uploads\/2021\/12\/lupa-436x272.jpg\" class=\"attachment-vantage-grid-loop size-vantage-grid-loop wp-post-image\" alt=\"\" \/>\t\t\t\t\t<\/a>\n\t\t\t\t\n\t\t\t\t<h3><a href=\"https:\/\/hippy.org.py\/testimonios\/index.php\/2021\/12\/23\/lupa-de-agua-actividad-para-hacer-en-casa-con-los-chicos\/\">Lupa de agua &#8211; Actividad para hacer en casa con los chicos<\/a><\/h3>\n\t\t\t\t<div class=\"excerpt\"><p>Te mostramos como crear un elemento divertido y did\u00e1ctico para explorar con los chicos, hojas, fotos, monedas y m\u00e1s \u00a1A motivar a nuestros peque\u00f1os cient\u00edficos!<\/p>\n<\/div>\n\t\t\t\t\t\t\t\t\t\t\t<\/article>\n\t\t\t\t\t\t\t\t<article class=\"grid-post post-92 post type-post status-publish format-video has-post-thumbnail hentry category-testimonios post_format-post-format-video post-with-thumbnail post-with-thumbnail-large\">\n\n\t\t\t\t\t\t\t\t\t<a class=\"grid-thumbnail\" href=\"https:\/\/hippy.org.py\/testimonios\/index.php\/2021\/09\/22\/la-exploracion-sensorial\/\">\n\t\t\t\t\t\t<img loading=\"lazy\" decoding=\"async\" width=\"436\" height=\"272\" src=\"https:\/\/hippy.org.py\/testimonios\/wp-content\/uploads\/2021\/09\/exploracion-436x272.jpg\" class=\"attachment-vantage-grid-loop size-vantage-grid-loop wp-post-image\" alt=\"\" srcset=\"https:\/\/hippy.org.py\/testimonios\/wp-content\/uploads\/2021\/09\/exploracion-436x272.jpg 436w, https:\/\/hippy.org.py\/testimonios\/wp-content\/uploads\/2021\/09\/exploracion-300x186.jpg 300w\" sizes=\"auto, (max-width: 436px) 100vw, 436px\" \/>\t\t\t\t\t<\/a>\n\t\t\t\t\n\t\t\t\t<h3><a href=\"https:\/\/hippy.org.py\/testimonios\/index.php\/2021\/09\/22\/la-exploracion-sensorial\/\">La Exploraci\u00f3n Sensorial<\/a><\/h3>\n\t\t\t\t<div class=\"excerpt\"><p>Te mostramos como explorar la exploraci\u00f3n sensorial a trav\u00e9s de adivinanzas con objetos que tenemos en casa y as\u00ed ampliar el vocabulario de los chicos. \ud83d\ude4c\ud83c\udffc\ud83c\udfe1<\/p>\n<\/div>\n\t\t\t\t\t\t\t\t\t\t\t<\/article>\n\t\t\t\t\t\t\t\t<article class=\"grid-post post-83 post type-post status-publish format-video has-post-thumbnail hentry category-testimonios post_format-post-format-video post-with-thumbnail post-with-thumbnail-large\">\n\n\t\t\t\t\t\t\t\t\t<a class=\"grid-thumbnail\" href=\"https:\/\/hippy.org.py\/testimonios\/index.php\/2021\/09\/22\/pensar-y-explorar\/\">\n\t\t\t\t\t\t<img loading=\"lazy\" decoding=\"async\" width=\"436\" height=\"272\" src=\"https:\/\/hippy.org.py\/testimonios\/wp-content\/uploads\/2021\/09\/pensaryexplorar-436x272.jpg\" class=\"attachment-vantage-grid-loop size-vantage-grid-loop wp-post-image\" alt=\"\" \/>\t\t\t\t\t<\/a>\n\t\t\t\t\n\t\t\t\t<h3><a href=\"https:\/\/hippy.org.py\/testimonios\/index.php\/2021\/09\/22\/pensar-y-explorar\/\">Pensar y Explorar<\/a><\/h3>\n\t\t\t\t<div class=\"excerpt\"><p>Una de nuestras actividades favoritas, \u00a1pensar y explorar con la magia de los colores! \ud83d\udca1\ud83c\udfa8<\/p>\n<\/div>\n\t\t\t\t\t\t\t\t\t\t\t<\/article>\n\t\t\t<div class=\"clear\"><\/div>\t\t\t\t\t<article class=\"grid-post post-80 post type-post status-publish format-video has-post-thumbnail hentry category-testimonios post_format-post-format-video post-with-thumbnail post-with-thumbnail-large\">\n\n\t\t\t\t\t\t\t\t\t<a class=\"grid-thumbnail\" href=\"https:\/\/hippy.org.py\/testimonios\/index.php\/2021\/09\/22\/motricidad-y-creatividad\/\">\n\t\t\t\t\t\t<img loading=\"lazy\" decoding=\"async\" width=\"436\" height=\"272\" src=\"https:\/\/hippy.org.py\/testimonios\/wp-content\/uploads\/2021\/09\/motricidad-436x272.jpg\" class=\"attachment-vantage-grid-loop size-vantage-grid-loop wp-post-image\" alt=\"\" \/>\t\t\t\t\t<\/a>\n\t\t\t\t\n\t\t\t\t<h3><a href=\"https:\/\/hippy.org.py\/testimonios\/index.php\/2021\/09\/22\/motricidad-y-creatividad\/\">Motricidad y Creatividad<\/a><\/h3>\n\t\t\t\t<div class=\"excerpt\"><p>\u00a1Te dejamos este tutorial para crear binoculares y trabajar la motricidad con los chicos!<\/p>\n<\/div>\n\t\t\t\t\t\t\t\t\t\t\t<\/article>\n\t\t\t\t\t\t<\/div>\n\n\t\n<\/div><\/div><\/div><\/div>","protected":false},"excerpt":{"rendered":"<p>\u00a1Te dejamos este tutorial para crear binoculares y trabajar la motricidad con los chicos! \ud83d\ude4c\ud83c\udffc Necesitamos: \u2714\ufe0f2 tubitos de cart\u00f3n \u2714\ufe0f Marcadores \u2714\ufe0f Pegamento \u2714\ufe0f Pinturas y pinceles para decorar \u00a1Y comenzar a explorar todo alrededor! \ud83d\udc40\ud83c\udfe1 \ud83d\udd8d\ufe0f<\/p>\n","protected":false},"author":1,"featured_media":0,"parent":0,"menu_order":0,"comment_status":"closed","ping_status":"closed","template":"home-panels.php","meta":{"footnotes":""},"class_list":["post-6","page","type-page","status-publish","hentry","post","post-with-thumbnail","post-with-thumbnail-large"],"_links":{"self":[{"href":"https:\/\/hippy.org.py\/testimonios\/index.php\/wp-json\/wp\/v2\/pages\/6","targetHints":{"allow":["GET"]}}],"collection":[{"href":"https:\/\/hippy.org.py\/testimonios\/index.php\/wp-json\/wp\/v2\/pages"}],"about":[{"href":"https:\/\/hippy.org.py\/testimonios\/index.php\/wp-json\/wp\/v2\/types\/page"}],"author":[{"embeddable":true,"href":"https:\/\/hippy.org.py\/testimonios\/index.php\/wp-json\/wp\/v2\/users\/1"}],"replies":[{"embeddable":true,"href":"https:\/\/hippy.org.py\/testimonios\/index.php\/wp-json\/wp\/v2\/comments?post=6"}],"version-history":[{"count":13,"href":"https:\/\/hippy.org.py\/testimonios\/index.php\/wp-json\/wp\/v2\/pages\/6\/revisions"}],"predecessor-version":[{"id":140,"href":"https:\/\/hippy.org.py\/testimonios\/index.php\/wp-json\/wp\/v2\/pages\/6\/revisions\/140"}],"wp:attachment":[{"href":"https:\/\/hippy.org.py\/testimonios\/index.php\/wp-json\/wp\/v2\/media?parent=6"}],"curies":[{"name":"wp","href":"https:\/\/api.w.org\/{rel}","templated":true}]}}